{"id":1001,"date":"2016-03-15T14:44:46","date_gmt":"2016-03-15T13:44:46","guid":{"rendered":"https:\/\/www.ormedesign.it\/de\/arredamento-di-design-made-in-italy\/"},"modified":"2016-05-11T17:20:04","modified_gmt":"2016-05-11T15:20:04","slug":"designermoebel-made-in-italy","status":"publish","type":"page","link":"https:\/\/www.ormedesign.it\/de\/designermoebel-made-in-italy\/","title":{"rendered":"Unternehmen"},"content":{"rendered":"","protected":false},"excerpt":{"rendered":"","protected":false},"author":2,"featured_media":0,"parent":0,"menu_order":1,"comment_status":"closed","ping_status":"closed","template":"page-azienda.php","meta":{"_acf_changed":false,"footnotes":""},"class_list":["post-1001","page","type-page","status-publish","hentry"],"acf":[],"yoast_head":"<!-- This site is optimized with the Yoast SEO plugin v26.2 - https:\/\/yoast.com\/wordpress\/plugins\/seo\/ -->\n<title>Das Unternehmen Orme: Designerm\u00f6bel Made In Italy<\/title>\n<meta name=\"description\" content=\"Orme entwickelt Designer-Einrichtungsprogramme f\u00fcr den Wohn- und Schlafbereich. Kombinierbare Systeme, modulierbare Systeme, ma\u00dfgeschneiderte L\u00f6sungen.\" \/>\n<meta name=\"robots\" content=\"index, follow, max-snippet:-1, max-image-preview:large, max-video-preview:-1\" \/>\n<link rel=\"canonical\" href=\"https:\/\/www.ormedesign.it\/de\/designermoebel-made-in-italy\/\" \/>\n<meta property=\"og:locale\" content=\"de_DE\" \/>\n<meta property=\"og:type\" content=\"article\" \/>\n<meta property=\"og:title\" content=\"Das Unternehmen Orme: Designerm\u00f6bel Made In Italy\" \/>\n<meta property=\"og:description\" content=\"Orme entwickelt Designer-Einrichtungsprogramme f\u00fcr den Wohn- und Schlafbereich. Kombinierbare Systeme, modulierbare Systeme, ma\u00dfgeschneiderte L\u00f6sungen.\" \/>\n<meta property=\"og:url\" content=\"https:\/\/www.ormedesign.it\/de\/designermoebel-made-in-italy\/\" \/>\n<meta property=\"og:site_name\" content=\"Orme\" \/>\n<meta property=\"article:modified_time\" content=\"2016-05-11T15:20:04+00:00\" \/>\n<meta name=\"twitter:card\" content=\"summary_large_image\" \/>\n<script type=\"application\/ld+json\" class=\"yoast-schema-graph\">{\"@context\":\"https:\/\/schema.org\",\"@graph\":[{\"@type\":\"WebPage\",\"@id\":\"https:\/\/www.ormedesign.it\/de\/designermoebel-made-in-italy\/\",\"url\":\"https:\/\/www.ormedesign.it\/de\/designermoebel-made-in-italy\/\",\"name\":\"Das Unternehmen Orme: Designerm\u00f6bel Made In Italy\",\"isPartOf\":{\"@id\":\"https:\/\/www.ormedesign.it\/de\/#website\"},\"datePublished\":\"2016-03-15T13:44:46+00:00\",\"dateModified\":\"2016-05-11T15:20:04+00:00\",\"description\":\"Orme entwickelt Designer-Einrichtungsprogramme f\u00fcr den Wohn- und Schlafbereich. Kombinierbare Systeme, modulierbare Systeme, ma\u00dfgeschneiderte L\u00f6sungen.\",\"inLanguage\":\"de-DE\",\"potentialAction\":[{\"@type\":\"ReadAction\",\"target\":[\"https:\/\/www.ormedesign.it\/de\/designermoebel-made-in-italy\/\"]}]},{\"@type\":\"WebSite\",\"@id\":\"https:\/\/www.ormedesign.it\/de\/#website\",\"url\":\"https:\/\/www.ormedesign.it\/de\/\",\"name\":\"Orme\",\"description\":\"Day &amp; Night project furniture\",\"potentialAction\":[{\"@type\":\"SearchAction\",\"target\":{\"@type\":\"EntryPoint\",\"urlTemplate\":\"https:\/\/www.ormedesign.it\/de\/?s={search_term_string}\"},\"query-input\":{\"@type\":\"PropertyValueSpecification\",\"valueRequired\":true,\"valueName\":\"search_term_string\"}}],\"inLanguage\":\"de-DE\"}]}<\/script>\n<!-- \/ Yoast SEO plugin. -->","yoast_head_json":{"title":"Das Unternehmen Orme: Designerm\u00f6bel Made In Italy","description":"Orme entwickelt Designer-Einrichtungsprogramme f\u00fcr den Wohn- und Schlafbereich. Kombinierbare Systeme, modulierbare Systeme, ma\u00dfgeschneiderte L\u00f6sungen.","robots":{"index":"index","follow":"follow","max-snippet":"max-snippet:-1","max-image-preview":"max-image-preview:large","max-video-preview":"max-video-preview:-1"},"canonical":"https:\/\/www.ormedesign.it\/de\/designermoebel-made-in-italy\/","og_locale":"de_DE","og_type":"article","og_title":"Das Unternehmen Orme: Designerm\u00f6bel Made In Italy","og_description":"Orme entwickelt Designer-Einrichtungsprogramme f\u00fcr den Wohn- und Schlafbereich. Kombinierbare Systeme, modulierbare Systeme, ma\u00dfgeschneiderte L\u00f6sungen.","og_url":"https:\/\/www.ormedesign.it\/de\/designermoebel-made-in-italy\/","og_site_name":"Orme","article_modified_time":"2016-05-11T15:20:04+00:00","twitter_card":"summary_large_image","schema":{"@context":"https:\/\/schema.org","@graph":[{"@type":"WebPage","@id":"https:\/\/www.ormedesign.it\/de\/designermoebel-made-in-italy\/","url":"https:\/\/www.ormedesign.it\/de\/designermoebel-made-in-italy\/","name":"Das Unternehmen Orme: Designerm\u00f6bel Made In Italy","isPartOf":{"@id":"https:\/\/www.ormedesign.it\/de\/#website"},"datePublished":"2016-03-15T13:44:46+00:00","dateModified":"2016-05-11T15:20:04+00:00","description":"Orme entwickelt Designer-Einrichtungsprogramme f\u00fcr den Wohn- und Schlafbereich. Kombinierbare Systeme, modulierbare Systeme, ma\u00dfgeschneiderte L\u00f6sungen.","inLanguage":"de-DE","potentialAction":[{"@type":"ReadAction","target":["https:\/\/www.ormedesign.it\/de\/designermoebel-made-in-italy\/"]}]},{"@type":"WebSite","@id":"https:\/\/www.ormedesign.it\/de\/#website","url":"https:\/\/www.ormedesign.it\/de\/","name":"Orme","description":"Day &amp; Night project furniture","potentialAction":[{"@type":"SearchAction","target":{"@type":"EntryPoint","urlTemplate":"https:\/\/www.ormedesign.it\/de\/?s={search_term_string}"},"query-input":{"@type":"PropertyValueSpecification","valueRequired":true,"valueName":"search_term_string"}}],"inLanguage":"de-DE"}]}},"_links":{"self":[{"href":"https:\/\/www.ormedesign.it\/de\/wp-json\/wp\/v2\/pages\/1001","targetHints":{"allow":["GET"]}}],"collection":[{"href":"https:\/\/www.ormedesign.it\/de\/wp-json\/wp\/v2\/pages"}],"about":[{"href":"https:\/\/www.ormedesign.it\/de\/wp-json\/wp\/v2\/types\/page"}],"author":[{"embeddable":true,"href":"https:\/\/www.ormedesign.it\/de\/wp-json\/wp\/v2\/users\/2"}],"replies":[{"embeddable":true,"href":"https:\/\/www.ormedesign.it\/de\/wp-json\/wp\/v2\/comments?post=1001"}],"version-history":[{"count":0,"href":"https:\/\/www.ormedesign.it\/de\/wp-json\/wp\/v2\/pages\/1001\/revisions"}],"wp:attachment":[{"href":"https:\/\/www.ormedesign.it\/de\/wp-json\/wp\/v2\/media?parent=1001"}],"curies":[{"name":"wp","href":"https:\/\/api.w.org\/{rel}","templated":true}]}}