{"id":1008,"date":"2016-03-14T15:26:40","date_gmt":"2016-03-14T14:26:40","guid":{"rendered":"https:\/\/www.ormedesign.it\/de\/home\/"},"modified":"2025-10-29T14:50:28","modified_gmt":"2025-10-29T13:50:28","slug":"home","status":"publish","type":"page","link":"https:\/\/www.ormedesign.it\/de\/","title":{"rendered":"Home"},"content":{"rendered":"","protected":false},"excerpt":{"rendered":"","protected":false},"author":2,"featured_media":0,"parent":0,"menu_order":0,"comment_status":"closed","ping_status":"closed","template":"index.php","meta":{"_acf_changed":false,"footnotes":""},"class_list":["post-1008","page","type-page","status-publish","hentry"],"acf":[],"yoast_head":"<!-- This site is optimized with the Yoast SEO plugin v26.2 - https:\/\/yoast.com\/wordpress\/plugins\/seo\/ -->\n<title>Designerm\u00f6bel f\u00fcr Wohnbereich und Schlafbereich - Orme<\/title>\n<meta name=\"description\" content=\"Mit seinen Kollektionen von einzigartigem Design bietet Orme verschiedene Einrichtungsl\u00f6sungen f\u00fcr den Wohnbereich, M\u00f6bel f\u00fcr den Schlafbereich, Kleiderschr\u00e4nke und Einrichtungsgegenst\u00e4nde an.\" \/>\n<meta name=\"robots\" content=\"index, follow, max-snippet:-1, max-image-preview:large, max-video-preview:-1\" \/>\n<link rel=\"canonical\" href=\"https:\/\/www.ormedesign.it\/de\/\" \/>\n<meta property=\"og:locale\" content=\"de_DE\" \/>\n<meta property=\"og:type\" content=\"article\" \/>\n<meta property=\"og:title\" content=\"Designerm\u00f6bel f\u00fcr Wohnbereich und Schlafbereich - Orme\" \/>\n<meta property=\"og:description\" content=\"Mit seinen Kollektionen von einzigartigem Design bietet Orme verschiedene Einrichtungsl\u00f6sungen f\u00fcr den Wohnbereich, M\u00f6bel f\u00fcr den Schlafbereich, Kleiderschr\u00e4nke und Einrichtungsgegenst\u00e4nde an.\" \/>\n<meta property=\"og:url\" content=\"https:\/\/www.ormedesign.it\/de\/\" \/>\n<meta property=\"og:site_name\" content=\"Orme\" \/>\n<meta property=\"article:modified_time\" content=\"2025-10-29T13:50:28+00:00\" \/>\n<meta name=\"twitter:card\" content=\"summary_large_image\" \/>\n<meta name=\"twitter:label1\" content=\"Gesch\u00e4tzte Lesezeit\" \/>\n\t<meta name=\"twitter:data1\" content=\"3 minutes\" \/>\n<script type=\"application\/ld+json\" class=\"yoast-schema-graph\">{\"@context\":\"https:\/\/schema.org\",\"@graph\":[{\"@type\":\"WebPage\",\"@id\":\"https:\/\/www.ormedesign.it\/de\/\",\"url\":\"https:\/\/www.ormedesign.it\/de\/\",\"name\":\"Designerm\u00f6bel f\u00fcr Wohnbereich und Schlafbereich - Orme\",\"isPartOf\":{\"@id\":\"https:\/\/www.ormedesign.it\/de\/#website\"},\"datePublished\":\"2016-03-14T14:26:40+00:00\",\"dateModified\":\"2025-10-29T13:50:28+00:00\",\"description\":\"Mit seinen Kollektionen von einzigartigem Design bietet Orme verschiedene Einrichtungsl\u00f6sungen f\u00fcr den Wohnbereich, M\u00f6bel f\u00fcr den Schlafbereich, Kleiderschr\u00e4nke und Einrichtungsgegenst\u00e4nde an.\",\"inLanguage\":\"de-DE\",\"potentialAction\":[{\"@type\":\"ReadAction\",\"target\":[\"https:\/\/www.ormedesign.it\/de\/\"]}]},{\"@type\":\"WebSite\",\"@id\":\"https:\/\/www.ormedesign.it\/de\/#website\",\"url\":\"https:\/\/www.ormedesign.it\/de\/\",\"name\":\"Orme\",\"description\":\"Day &amp; Night project furniture\",\"potentialAction\":[{\"@type\":\"SearchAction\",\"target\":{\"@type\":\"EntryPoint\",\"urlTemplate\":\"https:\/\/www.ormedesign.it\/de\/?s={search_term_string}\"},\"query-input\":{\"@type\":\"PropertyValueSpecification\",\"valueRequired\":true,\"valueName\":\"search_term_string\"}}],\"inLanguage\":\"de-DE\"}]}<\/script>\n<!-- \/ Yoast SEO plugin. -->","yoast_head_json":{"title":"Designerm\u00f6bel f\u00fcr Wohnbereich und Schlafbereich - Orme","description":"Mit seinen Kollektionen von einzigartigem Design bietet Orme verschiedene Einrichtungsl\u00f6sungen f\u00fcr den Wohnbereich, M\u00f6bel f\u00fcr den Schlafbereich, Kleiderschr\u00e4nke und Einrichtungsgegenst\u00e4nde an.","robots":{"index":"index","follow":"follow","max-snippet":"max-snippet:-1","max-image-preview":"max-image-preview:large","max-video-preview":"max-video-preview:-1"},"canonical":"https:\/\/www.ormedesign.it\/de\/","og_locale":"de_DE","og_type":"article","og_title":"Designerm\u00f6bel f\u00fcr Wohnbereich und Schlafbereich - Orme","og_description":"Mit seinen Kollektionen von einzigartigem Design bietet Orme verschiedene Einrichtungsl\u00f6sungen f\u00fcr den Wohnbereich, M\u00f6bel f\u00fcr den Schlafbereich, Kleiderschr\u00e4nke und Einrichtungsgegenst\u00e4nde an.","og_url":"https:\/\/www.ormedesign.it\/de\/","og_site_name":"Orme","article_modified_time":"2025-10-29T13:50:28+00:00","twitter_card":"summary_large_image","twitter_misc":{"Gesch\u00e4tzte Lesezeit":"3 minutes"},"schema":{"@context":"https:\/\/schema.org","@graph":[{"@type":"WebPage","@id":"https:\/\/www.ormedesign.it\/de\/","url":"https:\/\/www.ormedesign.it\/de\/","name":"Designerm\u00f6bel f\u00fcr Wohnbereich und Schlafbereich - Orme","isPartOf":{"@id":"https:\/\/www.ormedesign.it\/de\/#website"},"datePublished":"2016-03-14T14:26:40+00:00","dateModified":"2025-10-29T13:50:28+00:00","description":"Mit seinen Kollektionen von einzigartigem Design bietet Orme verschiedene Einrichtungsl\u00f6sungen f\u00fcr den Wohnbereich, M\u00f6bel f\u00fcr den Schlafbereich, Kleiderschr\u00e4nke und Einrichtungsgegenst\u00e4nde an.","inLanguage":"de-DE","potentialAction":[{"@type":"ReadAction","target":["https:\/\/www.ormedesign.it\/de\/"]}]},{"@type":"WebSite","@id":"https:\/\/www.ormedesign.it\/de\/#website","url":"https:\/\/www.ormedesign.it\/de\/","name":"Orme","description":"Day &amp; Night project furniture","potentialAction":[{"@type":"SearchAction","target":{"@type":"EntryPoint","urlTemplate":"https:\/\/www.ormedesign.it\/de\/?s={search_term_string}"},"query-input":{"@type":"PropertyValueSpecification","valueRequired":true,"valueName":"search_term_string"}}],"inLanguage":"de-DE"}]}},"_links":{"self":[{"href":"https:\/\/www.ormedesign.it\/de\/wp-json\/wp\/v2\/pages\/1008","targetHints":{"allow":["GET"]}}],"collection":[{"href":"https:\/\/www.ormedesign.it\/de\/wp-json\/wp\/v2\/pages"}],"about":[{"href":"https:\/\/www.ormedesign.it\/de\/wp-json\/wp\/v2\/types\/page"}],"author":[{"embeddable":true,"href":"https:\/\/www.ormedesign.it\/de\/wp-json\/wp\/v2\/users\/2"}],"replies":[{"embeddable":true,"href":"https:\/\/www.ormedesign.it\/de\/wp-json\/wp\/v2\/comments?post=1008"}],"version-history":[{"count":1,"href":"https:\/\/www.ormedesign.it\/de\/wp-json\/wp\/v2\/pages\/1008\/revisions"}],"predecessor-version":[{"id":27030,"href":"https:\/\/www.ormedesign.it\/de\/wp-json\/wp\/v2\/pages\/1008\/revisions\/27030"}],"wp:attachment":[{"href":"https:\/\/www.ormedesign.it\/de\/wp-json\/wp\/v2\/media?parent=1008"}],"curies":[{"name":"wp","href":"https:\/\/api.w.org\/{rel}","templated":true}]}}