{"id":1000,"date":"2016-03-15T14:44:46","date_gmt":"2016-03-15T13:44:46","guid":{"rendered":"https:\/\/www.ormedesign.it\/fr\/arredamento-di-design-made-in-italy\/"},"modified":"2016-05-11T17:17:09","modified_gmt":"2016-05-11T15:17:09","slug":"ameublement-de-design-made-in-italy","status":"publish","type":"page","link":"https:\/\/www.ormedesign.it\/fr\/ameublement-de-design-made-in-italy\/","title":{"rendered":"Entreprise"},"content":{"rendered":"","protected":false},"excerpt":{"rendered":"","protected":false},"author":2,"featured_media":0,"parent":0,"menu_order":1,"comment_status":"closed","ping_status":"closed","template":"page-azienda.php","meta":{"_acf_changed":false,"footnotes":""},"class_list":["post-1000","page","type-page","status-publish","hentry"],"acf":[],"yoast_head":"<!-- This site is optimized with the Yoast SEO plugin v26.2 - https:\/\/yoast.com\/wordpress\/plugins\/seo\/ -->\n<title>L&#039;entreprise Orme : Ameublement de design Made In Italy<\/title>\n<meta name=\"description\" content=\"Orme r\u00e9alise des programmes d&#039;ameublement de design, con\u00e7us pour la zone jour et la zone nuit. Syst\u00e8mes am\u00e9nag\u00e9s, syst\u00e8mes modulaires, solutions sur mesure.\" \/>\n<meta name=\"robots\" content=\"index, follow, max-snippet:-1, max-image-preview:large, max-video-preview:-1\" \/>\n<link rel=\"canonical\" href=\"https:\/\/www.ormedesign.it\/fr\/ameublement-de-design-made-in-italy\/\" \/>\n<meta property=\"og:locale\" content=\"fr_FR\" \/>\n<meta property=\"og:type\" content=\"article\" \/>\n<meta property=\"og:title\" content=\"L&#039;entreprise Orme : Ameublement de design Made In Italy\" \/>\n<meta property=\"og:description\" content=\"Orme r\u00e9alise des programmes d&#039;ameublement de design, con\u00e7us pour la zone jour et la zone nuit. Syst\u00e8mes am\u00e9nag\u00e9s, syst\u00e8mes modulaires, solutions sur mesure.\" \/>\n<meta property=\"og:url\" content=\"https:\/\/www.ormedesign.it\/fr\/ameublement-de-design-made-in-italy\/\" \/>\n<meta property=\"og:site_name\" content=\"Orme\" \/>\n<meta property=\"article:modified_time\" content=\"2016-05-11T15:17:09+00:00\" \/>\n<meta name=\"twitter:card\" content=\"summary_large_image\" \/>\n<script type=\"application\/ld+json\" class=\"yoast-schema-graph\">{\"@context\":\"https:\/\/schema.org\",\"@graph\":[{\"@type\":\"WebPage\",\"@id\":\"https:\/\/www.ormedesign.it\/fr\/ameublement-de-design-made-in-italy\/\",\"url\":\"https:\/\/www.ormedesign.it\/fr\/ameublement-de-design-made-in-italy\/\",\"name\":\"L'entreprise Orme : Ameublement de design Made In Italy\",\"isPartOf\":{\"@id\":\"https:\/\/www.ormedesign.it\/fr\/#website\"},\"datePublished\":\"2016-03-15T13:44:46+00:00\",\"dateModified\":\"2016-05-11T15:17:09+00:00\",\"description\":\"Orme r\u00e9alise des programmes d'ameublement de design, con\u00e7us pour la zone jour et la zone nuit. Syst\u00e8mes am\u00e9nag\u00e9s, syst\u00e8mes modulaires, solutions sur mesure.\",\"inLanguage\":\"fr-FR\",\"potentialAction\":[{\"@type\":\"ReadAction\",\"target\":[\"https:\/\/www.ormedesign.it\/fr\/ameublement-de-design-made-in-italy\/\"]}]},{\"@type\":\"WebSite\",\"@id\":\"https:\/\/www.ormedesign.it\/fr\/#website\",\"url\":\"https:\/\/www.ormedesign.it\/fr\/\",\"name\":\"Orme\",\"description\":\"Day &amp; Night project furniture\",\"potentialAction\":[{\"@type\":\"SearchAction\",\"target\":{\"@type\":\"EntryPoint\",\"urlTemplate\":\"https:\/\/www.ormedesign.it\/fr\/?s={search_term_string}\"},\"query-input\":{\"@type\":\"PropertyValueSpecification\",\"valueRequired\":true,\"valueName\":\"search_term_string\"}}],\"inLanguage\":\"fr-FR\"}]}<\/script>\n<!-- \/ Yoast SEO plugin. -->","yoast_head_json":{"title":"L'entreprise Orme : Ameublement de design Made In Italy","description":"Orme r\u00e9alise des programmes d'ameublement de design, con\u00e7us pour la zone jour et la zone nuit. Syst\u00e8mes am\u00e9nag\u00e9s, syst\u00e8mes modulaires, solutions sur mesure.","robots":{"index":"index","follow":"follow","max-snippet":"max-snippet:-1","max-image-preview":"max-image-preview:large","max-video-preview":"max-video-preview:-1"},"canonical":"https:\/\/www.ormedesign.it\/fr\/ameublement-de-design-made-in-italy\/","og_locale":"fr_FR","og_type":"article","og_title":"L'entreprise Orme : Ameublement de design Made In Italy","og_description":"Orme r\u00e9alise des programmes d'ameublement de design, con\u00e7us pour la zone jour et la zone nuit. Syst\u00e8mes am\u00e9nag\u00e9s, syst\u00e8mes modulaires, solutions sur mesure.","og_url":"https:\/\/www.ormedesign.it\/fr\/ameublement-de-design-made-in-italy\/","og_site_name":"Orme","article_modified_time":"2016-05-11T15:17:09+00:00","twitter_card":"summary_large_image","schema":{"@context":"https:\/\/schema.org","@graph":[{"@type":"WebPage","@id":"https:\/\/www.ormedesign.it\/fr\/ameublement-de-design-made-in-italy\/","url":"https:\/\/www.ormedesign.it\/fr\/ameublement-de-design-made-in-italy\/","name":"L'entreprise Orme : Ameublement de design Made In Italy","isPartOf":{"@id":"https:\/\/www.ormedesign.it\/fr\/#website"},"datePublished":"2016-03-15T13:44:46+00:00","dateModified":"2016-05-11T15:17:09+00:00","description":"Orme r\u00e9alise des programmes d'ameublement de design, con\u00e7us pour la zone jour et la zone nuit. Syst\u00e8mes am\u00e9nag\u00e9s, syst\u00e8mes modulaires, solutions sur mesure.","inLanguage":"fr-FR","potentialAction":[{"@type":"ReadAction","target":["https:\/\/www.ormedesign.it\/fr\/ameublement-de-design-made-in-italy\/"]}]},{"@type":"WebSite","@id":"https:\/\/www.ormedesign.it\/fr\/#website","url":"https:\/\/www.ormedesign.it\/fr\/","name":"Orme","description":"Day &amp; Night project furniture","potentialAction":[{"@type":"SearchAction","target":{"@type":"EntryPoint","urlTemplate":"https:\/\/www.ormedesign.it\/fr\/?s={search_term_string}"},"query-input":{"@type":"PropertyValueSpecification","valueRequired":true,"valueName":"search_term_string"}}],"inLanguage":"fr-FR"}]}},"_links":{"self":[{"href":"https:\/\/www.ormedesign.it\/fr\/wp-json\/wp\/v2\/pages\/1000","targetHints":{"allow":["GET"]}}],"collection":[{"href":"https:\/\/www.ormedesign.it\/fr\/wp-json\/wp\/v2\/pages"}],"about":[{"href":"https:\/\/www.ormedesign.it\/fr\/wp-json\/wp\/v2\/types\/page"}],"author":[{"embeddable":true,"href":"https:\/\/www.ormedesign.it\/fr\/wp-json\/wp\/v2\/users\/2"}],"replies":[{"embeddable":true,"href":"https:\/\/www.ormedesign.it\/fr\/wp-json\/wp\/v2\/comments?post=1000"}],"version-history":[{"count":0,"href":"https:\/\/www.ormedesign.it\/fr\/wp-json\/wp\/v2\/pages\/1000\/revisions"}],"wp:attachment":[{"href":"https:\/\/www.ormedesign.it\/fr\/wp-json\/wp\/v2\/media?parent=1000"}],"curies":[{"name":"wp","href":"https:\/\/api.w.org\/{rel}","templated":true}]}}