{"id":997,"date":"2016-03-15T14:44:56","date_gmt":"2016-03-15T13:44:56","guid":{"rendered":"https:\/\/www.ormedesign.it\/fr\/cataloghi-arredamento-giorno-notte-e-armadi\/"},"modified":"2018-10-30T12:09:28","modified_gmt":"2018-10-30T11:09:28","slug":"catalogues-dameublement-pour-le-jour-la-nuit-et-les-armoires","status":"publish","type":"page","link":"https:\/\/www.ormedesign.it\/fr\/catalogues-dameublement-pour-le-jour-la-nuit-et-les-armoires\/","title":{"rendered":"T\u00e9l\u00e9chargement"},"content":{"rendered":"<h1>T\u00e9l\u00e9chargez ou feuilletez les catalogues Orme.<\/h1>\n<p>\u00c0 votre disposition les nouveaux catalogues Orme d\u00e9di\u00e9s \u00e0 l&#8217;ameublement de la zone jour, au nouveau design de la zone nuit et aux solutions de rangement racont\u00e9es \u00e0 travers l&#8217;ample gamme d&#8217;armoire et cabines armoire.<\/p>\n","protected":false},"excerpt":{"rendered":"<p>T\u00e9l\u00e9chargez ou feuilletez les catalogues Orme. \u00c0 votre disposition les nouveaux catalogues Orme d\u00e9di\u00e9s \u00e0 l&#8217;ameublement de la zone jour, au nouveau design de la zone nuit et aux solutions de rangement racont\u00e9es \u00e0 travers l&#8217;ample gamme d&#8217;armoire et cabines&#8230;<\/p>\n","protected":false},"author":2,"featured_media":0,"parent":0,"menu_order":2,"comment_status":"closed","ping_status":"closed","template":"page-download.php","meta":{"_acf_changed":false,"footnotes":""},"class_list":["post-997","page","type-page","status-publish","hentry"],"acf":[],"yoast_head":"<!-- This site is optimized with the Yoast SEO plugin v26.2 - https:\/\/yoast.com\/wordpress\/plugins\/seo\/ -->\n<title>Catalogues d&#039;ameublement pour le jour, la nuit et les armoires - Orme<\/title>\n<meta name=\"description\" content=\"D\u00e9couvrez les nouveaux catalogues Orme d\u00e9di\u00e9s \u00e0 l&#039;ameublement de la zone jour, au nouveau design de la zone nuit et \u00e0 l&#039;ample gamme d&#039;armoires et cabines armoire.\" \/>\n<meta name=\"robots\" content=\"index, follow, max-snippet:-1, max-image-preview:large, max-video-preview:-1\" \/>\n<link rel=\"canonical\" href=\"https:\/\/www.ormedesign.it\/fr\/catalogues-dameublement-pour-le-jour-la-nuit-et-les-armoires\/\" \/>\n<meta property=\"og:locale\" content=\"fr_FR\" \/>\n<meta property=\"og:type\" content=\"article\" \/>\n<meta property=\"og:title\" content=\"Catalogues d&#039;ameublement pour le jour, la nuit et les armoires - Orme\" \/>\n<meta property=\"og:description\" content=\"D\u00e9couvrez les nouveaux catalogues Orme d\u00e9di\u00e9s \u00e0 l&#039;ameublement de la zone jour, au nouveau design de la zone nuit et \u00e0 l&#039;ample gamme d&#039;armoires et cabines armoire.\" \/>\n<meta property=\"og:url\" content=\"https:\/\/www.ormedesign.it\/fr\/catalogues-dameublement-pour-le-jour-la-nuit-et-les-armoires\/\" \/>\n<meta property=\"og:site_name\" content=\"Orme\" \/>\n<meta property=\"article:modified_time\" content=\"2018-10-30T11:09:28+00:00\" \/>\n<meta name=\"twitter:card\" content=\"summary_large_image\" \/>\n<script type=\"application\/ld+json\" class=\"yoast-schema-graph\">{\"@context\":\"https:\/\/schema.org\",\"@graph\":[{\"@type\":\"WebPage\",\"@id\":\"https:\/\/www.ormedesign.it\/fr\/catalogues-dameublement-pour-le-jour-la-nuit-et-les-armoires\/\",\"url\":\"https:\/\/www.ormedesign.it\/fr\/catalogues-dameublement-pour-le-jour-la-nuit-et-les-armoires\/\",\"name\":\"Catalogues d'ameublement pour le jour, la nuit et les armoires - Orme\",\"isPartOf\":{\"@id\":\"https:\/\/www.ormedesign.it\/fr\/#website\"},\"datePublished\":\"2016-03-15T13:44:56+00:00\",\"dateModified\":\"2018-10-30T11:09:28+00:00\",\"description\":\"D\u00e9couvrez les nouveaux catalogues Orme d\u00e9di\u00e9s \u00e0 l'ameublement de la zone jour, au nouveau design de la zone nuit et \u00e0 l'ample gamme d'armoires et cabines armoire.\",\"inLanguage\":\"fr-FR\",\"potentialAction\":[{\"@type\":\"ReadAction\",\"target\":[\"https:\/\/www.ormedesign.it\/fr\/catalogues-dameublement-pour-le-jour-la-nuit-et-les-armoires\/\"]}]},{\"@type\":\"WebSite\",\"@id\":\"https:\/\/www.ormedesign.it\/fr\/#website\",\"url\":\"https:\/\/www.ormedesign.it\/fr\/\",\"name\":\"Orme\",\"description\":\"Day &amp; Night project furniture\",\"potentialAction\":[{\"@type\":\"SearchAction\",\"target\":{\"@type\":\"EntryPoint\",\"urlTemplate\":\"https:\/\/www.ormedesign.it\/fr\/?s={search_term_string}\"},\"query-input\":{\"@type\":\"PropertyValueSpecification\",\"valueRequired\":true,\"valueName\":\"search_term_string\"}}],\"inLanguage\":\"fr-FR\"}]}<\/script>\n<!-- \/ Yoast SEO plugin. -->","yoast_head_json":{"title":"Catalogues d'ameublement pour le jour, la nuit et les armoires - Orme","description":"D\u00e9couvrez les nouveaux catalogues Orme d\u00e9di\u00e9s \u00e0 l'ameublement de la zone jour, au nouveau design de la zone nuit et \u00e0 l'ample gamme d'armoires et cabines armoire.","robots":{"index":"index","follow":"follow","max-snippet":"max-snippet:-1","max-image-preview":"max-image-preview:large","max-video-preview":"max-video-preview:-1"},"canonical":"https:\/\/www.ormedesign.it\/fr\/catalogues-dameublement-pour-le-jour-la-nuit-et-les-armoires\/","og_locale":"fr_FR","og_type":"article","og_title":"Catalogues d'ameublement pour le jour, la nuit et les armoires - Orme","og_description":"D\u00e9couvrez les nouveaux catalogues Orme d\u00e9di\u00e9s \u00e0 l'ameublement de la zone jour, au nouveau design de la zone nuit et \u00e0 l'ample gamme d'armoires et cabines armoire.","og_url":"https:\/\/www.ormedesign.it\/fr\/catalogues-dameublement-pour-le-jour-la-nuit-et-les-armoires\/","og_site_name":"Orme","article_modified_time":"2018-10-30T11:09:28+00:00","twitter_card":"summary_large_image","schema":{"@context":"https:\/\/schema.org","@graph":[{"@type":"WebPage","@id":"https:\/\/www.ormedesign.it\/fr\/catalogues-dameublement-pour-le-jour-la-nuit-et-les-armoires\/","url":"https:\/\/www.ormedesign.it\/fr\/catalogues-dameublement-pour-le-jour-la-nuit-et-les-armoires\/","name":"Catalogues d'ameublement pour le jour, la nuit et les armoires - Orme","isPartOf":{"@id":"https:\/\/www.ormedesign.it\/fr\/#website"},"datePublished":"2016-03-15T13:44:56+00:00","dateModified":"2018-10-30T11:09:28+00:00","description":"D\u00e9couvrez les nouveaux catalogues Orme d\u00e9di\u00e9s \u00e0 l'ameublement de la zone jour, au nouveau design de la zone nuit et \u00e0 l'ample gamme d'armoires et cabines armoire.","inLanguage":"fr-FR","potentialAction":[{"@type":"ReadAction","target":["https:\/\/www.ormedesign.it\/fr\/catalogues-dameublement-pour-le-jour-la-nuit-et-les-armoires\/"]}]},{"@type":"WebSite","@id":"https:\/\/www.ormedesign.it\/fr\/#website","url":"https:\/\/www.ormedesign.it\/fr\/","name":"Orme","description":"Day &amp; Night project furniture","potentialAction":[{"@type":"SearchAction","target":{"@type":"EntryPoint","urlTemplate":"https:\/\/www.ormedesign.it\/fr\/?s={search_term_string}"},"query-input":{"@type":"PropertyValueSpecification","valueRequired":true,"valueName":"search_term_string"}}],"inLanguage":"fr-FR"}]}},"_links":{"self":[{"href":"https:\/\/www.ormedesign.it\/fr\/wp-json\/wp\/v2\/pages\/997","targetHints":{"allow":["GET"]}}],"collection":[{"href":"https:\/\/www.ormedesign.it\/fr\/wp-json\/wp\/v2\/pages"}],"about":[{"href":"https:\/\/www.ormedesign.it\/fr\/wp-json\/wp\/v2\/types\/page"}],"author":[{"embeddable":true,"href":"https:\/\/www.ormedesign.it\/fr\/wp-json\/wp\/v2\/users\/2"}],"replies":[{"embeddable":true,"href":"https:\/\/www.ormedesign.it\/fr\/wp-json\/wp\/v2\/comments?post=997"}],"version-history":[{"count":0,"href":"https:\/\/www.ormedesign.it\/fr\/wp-json\/wp\/v2\/pages\/997\/revisions"}],"wp:attachment":[{"href":"https:\/\/www.ormedesign.it\/fr\/wp-json\/wp\/v2\/media?parent=997"}],"curies":[{"name":"wp","href":"https:\/\/api.w.org\/{rel}","templated":true}]}}